{"id":380,"date":"2022-03-15T22:10:11","date_gmt":"2022-03-15T22:10:11","guid":{"rendered":"https:\/\/franknordhausen.com\/?page_id=380"},"modified":"2022-09-23T22:30:44","modified_gmt":"2022-09-23T22:30:44","slug":"aktuelle-veroeffentlichungen-2022","status":"publish","type":"page","link":"https:\/\/franknordhausen.com\/?page_id=380","title":{"rendered":"Aktuelle Ver\u00f6ffentlichungen 2022"},"content":{"rendered":"\n<h1 class=\"wp-block-heading\">In dieser Rubrik finden Sie ver\u00f6ffentlichte Texte von mir aus dem aktuellen Jahr 2022. <\/h1>\n\n\n\n<p><\/p>\n\n\n\n<h2 class=\"wp-block-heading\"><strong><mark style=\"background-color:rgba(0, 0, 0, 0)\" class=\"has-inline-color has-luminous-vivid-orange-color\"><em>9. September 2022, Berliner Zeitung<\/em><\/mark><\/strong><\/h2>\n\n\n\n<h4 class=\"wp-block-heading\">Mit Putins Hilfe: Wie der t\u00fcrkische Pr\u00e4sident Erdogan seine Macht sichern will<\/h4>\n\n\n\n<p>N\u00e4chstes Jahr wird in der T\u00fcrkei gew\u00e4hlt. Der Sieg des amtierenden Pr\u00e4sidenten ist alles andere als sicher. <a href=\"https:\/\/www.berliner-zeitung.de\/open-source\/erdogan-putin-machterhalt-praesidentschaftswahl-in-der-tuerkei-welche-rolle-spielt-der-kreml-bei-erdogans-ringen-um-seine-wiederwahl-li.264537\">Auch deshalb n\u00e4hert Erdogan sich Russland an.<\/a><\/p>\n\n\n\n<p><\/p>\n\n\n\n<h2 class=\"has-luminous-vivid-orange-color has-text-color wp-block-heading\"><strong><em><strong>20. August 2022, <\/strong><\/em><strong><mark style=\"background-color:rgba(0, 0, 0, 0)\" class=\"has-inline-color has-luminous-vivid-orange-color\"><em>Focus<\/em><\/mark><\/strong> <strong><em><mark style=\"background-color:rgba(0, 0, 0, 0)\" class=\"has-inline-color has-luminous-vivid-orange-color\">Nr. 34\/2022<\/mark><\/em><\/strong><\/strong><\/h2>\n\n\n\n<h4 class=\"wp-block-heading\">Machiavellis Sch\u00fcler<\/h4>\n\n\n\n<p>Der t\u00fcrkische Pr\u00e4sident Recep Tayyip Erdogan ist pro Kiew, ohne kontra Moskau zu sein. Er bremst die Sanktionen aus, aber kaum jemand kritisiert ihn daf\u00fcr<\/p>\n\n\n\n<figure class=\"wp-block-image size-full\"><img loading=\"lazy\" decoding=\"async\" width=\"736\" height=\"767\" src=\"https:\/\/franknordhausen.com\/wp-content\/uploads\/2022\/09\/FN-Screenshot-Focus-34-2022-1.jpg\" alt=\"\" class=\"wp-image-438\" srcset=\"https:\/\/franknordhausen.com\/wp-content\/uploads\/2022\/09\/FN-Screenshot-Focus-34-2022-1.jpg 736w, https:\/\/franknordhausen.com\/wp-content\/uploads\/2022\/09\/FN-Screenshot-Focus-34-2022-1-288x300.jpg 288w\" sizes=\"auto, (max-width: 736px) 100vw, 736px\" \/><figcaption>Das Magazin Focus hat diesen Text nicht online gestellt. Sie finden in K\u00fcrze eine l\u00e4ngere Version unter meiner Rubrik &#8222;Texte&#8220;.<\/figcaption><\/figure>\n\n\n\n<h2 class=\"wp-block-heading\"><strong><mark style=\"background-color:rgba(0, 0, 0, 0)\" class=\"has-inline-color has-luminous-vivid-orange-color\"><em>14. Juni 2022, Frankfurter Rundschau<\/em><\/mark><em><mark style=\"background-color:rgba(0, 0, 0, 0)\" class=\"has-inline-color has-luminous-vivid-orange-color\"><\/mark><\/em><\/strong><\/h2>\n\n\n\n<h4 class=\"wp-block-heading\">Erdogan schickt Todesgr\u00fc\u00dfe aus Ankara<\/h4>\n\n\n\n<p>Im schwedischen Exil wird der Journalist und Regimekritiker Ahmet D\u00f6nmez von Unbekannten angegriffen und schwer verletzt. <a href=\"https:\/\/www.fr.de\/politik\/news-tuerkei-recep-tayyip-erdogan-ankara-geheimdienst-angriffe-journalisten-todes-liste-91606039.html\">Er ist sicher, dass der t\u00fcrkische Staatschef Erdogan hinter der Tat steckt.<\/a><\/p>\n\n\n\n<p><\/p>\n\n\n\n<h2 class=\"has-luminous-vivid-orange-color has-text-color wp-block-heading\"><strong><mark style=\"background-color:rgba(0, 0, 0, 0)\" class=\"has-inline-color has-luminous-vivid-orange-color\"><em>28. Mai 2022,<\/em><\/mark><\/strong> <em><strong>Neue Z\u00fcrcher Zeitung<\/strong><\/em><\/h2>\n\n\n\n<p><strong>Wer ist hier der Terrorist?<\/strong><\/p>\n\n\n\n<p>Die T\u00fcrkei wirft Schweden vor, \u00abTerroristen\u00bb zu beherbergen \u2013 Kurden, G\u00fclen-Anh\u00e4nger, Journalisten. <a href=\"https:\/\/magazin.nzz.ch\/nzz-am-sonntag\/international\/wer-ist-hier-der-terrorist-ld.1686270?reduced=true\">Doch es sind die Erdogan-Kritiker, die auch im schwedischen Exil nicht vor Anschl\u00e4gen sicher sind.<\/a><\/p>\n\n\n\n<p><\/p>\n\n\n\n<h2 class=\"has-luminous-vivid-orange-color has-text-color wp-block-heading\"><em><strong>21. Mai 2022, <\/strong><\/em><strong><mark style=\"background-color:rgba(0, 0, 0, 0)\" class=\"has-inline-color has-luminous-vivid-orange-color\"><em>Focus<\/em><\/mark><\/strong> <strong><em><mark style=\"background-color:rgba(0, 0, 0, 0)\" class=\"has-inline-color has-luminous-vivid-orange-color\">Nr. 21\/2022<\/mark><\/em><\/strong><\/h2>\n\n\n\n<h4 class=\"wp-block-heading\">T\u00fcrkischer Basar<\/h4>\n\n\n\n<p>Pr\u00e4sident Recep Tayyip Erdogan torpediert mit seinem Veto die Nato-Aufnahme Finnlands und Schwedens. Seine Zustimmung will er gegen Zugest\u00e4ndnisse eintauschen.<\/p>\n\n\n\n<figure class=\"wp-block-image size-full\"><img loading=\"lazy\" decoding=\"async\" width=\"725\" height=\"842\" src=\"https:\/\/franknordhausen.com\/wp-content\/uploads\/2022\/09\/FN-Screenshot-Focus-21-2022-1.jpg\" alt=\"\" class=\"wp-image-429\" srcset=\"https:\/\/franknordhausen.com\/wp-content\/uploads\/2022\/09\/FN-Screenshot-Focus-21-2022-1.jpg 725w, https:\/\/franknordhausen.com\/wp-content\/uploads\/2022\/09\/FN-Screenshot-Focus-21-2022-1-258x300.jpg 258w\" sizes=\"auto, (max-width: 725px) 100vw, 725px\" \/><\/figure>\n\n\n\n<p class=\"has-text-align-center has-small-font-size\">Das Magazin Focus hat diesen Text nicht online gestellt. Sie finden eine l\u00e4ngere Version unter der Rubrik \u201eTexte\u201c.<\/p>\n\n\n\n<h2 class=\"wp-block-heading\"><strong><mark style=\"background-color:rgba(0, 0, 0, 0)\" class=\"has-inline-color has-luminous-vivid-orange-color\"><em>17. M\u00e4rz 2022, Frankfurter Rundschau<\/em><\/mark><em><mark style=\"background-color:rgba(0, 0, 0, 0)\" class=\"has-inline-color has-luminous-vivid-orange-color\"><\/mark><\/em><\/strong><\/h2>\n\n\n\n<h4 class=\"wp-block-heading\">Druck auf die EU \u2013 Erdogan nutzt den Ukraine-Krieg f\u00fcr eigene Ziele<\/h4>\n\n\n\n<p>Als Vermittler im Ukraine-Krieg wittert Erdogan seine Chance: Die Rolle k\u00f6nnte dem t\u00fcrkischen Pr\u00e4sidenten die Macht sichern \u2013 eine Analyse.<\/p>\n\n\n\n<p>Ankara &#8211; Wer h\u00e4tte das gedacht? Die T\u00fcrkei, vor kurzem noch kritisiert wegen massiver Menschenrechtsverletzungen, der Errichtung einer Autokratie und milit\u00e4rischer Aggressionen gegen ihre Nachbarn \u2013 sie <a href=\"https:\/\/www.fr.de\/politik\/ukraine-krieg-erdogan-eu-tuerkei-russland-putin-ankara-91415221.html\">steigt pl\u00f6tzlich zur gefragten Vermittlerin zwischen Russland und der Ukraine auf<\/a>.<\/p>\n\n\n\n<h2 class=\"wp-block-heading\"><strong><span class=\"has-inline-color has-luminous-vivid-orange-color\"><em>Focus<\/em><\/span><\/strong> <strong><em><span class=\"has-inline-color has-luminous-vivid-orange-color\">Nr. 7\/2022<\/span><\/em><\/strong><\/h2>\n\n\n\n<h4 class=\"wp-block-heading\">\u201eAn diesem Fiasko sind die Europ\u00e4er mitschuldig\u201c<\/h4>\n\n\n\n<p>Die Wirtschaft kollabiert, die Unzufriedenheit w\u00e4chst, die Regierung wird immer totalit\u00e4rer:<br>Der t\u00fcrkische Politologe Cengiz Aktar erkl\u00e4rt sein Land \u2013 sicherheitshalber aus dem Exil<\/p>\n\n\n\n<figure class=\"wp-block-image size-large\"><img loading=\"lazy\" decoding=\"async\" width=\"1024\" height=\"506\" src=\"https:\/\/franknordhausen.com\/wp-content\/uploads\/2022\/03\/FN-Screenshot-Focus-Aktar-2022-02-1024x506.jpg\" alt=\"\" class=\"wp-image-386\" srcset=\"https:\/\/franknordhausen.com\/wp-content\/uploads\/2022\/03\/FN-Screenshot-Focus-Aktar-2022-02-1024x506.jpg 1024w, https:\/\/franknordhausen.com\/wp-content\/uploads\/2022\/03\/FN-Screenshot-Focus-Aktar-2022-02-300x148.jpg 300w, https:\/\/franknordhausen.com\/wp-content\/uploads\/2022\/03\/FN-Screenshot-Focus-Aktar-2022-02-768x379.jpg 768w, https:\/\/franknordhausen.com\/wp-content\/uploads\/2022\/03\/FN-Screenshot-Focus-Aktar-2022-02.jpg 1239w\" sizes=\"auto, (max-width: 767px) 89vw, (max-width: 1000px) 54vw, (max-width: 1071px) 543px, 580px\" \/><figcaption>Das Magazin Focus hat diesen Text nicht online gestellt.. Sie finden eine l\u00e4ngere Version unter meiner Rubrik \u201eTexte\u201c.<\/figcaption><\/figure>\n","protected":false},"excerpt":{"rendered":"<p>In dieser Rubrik finden Sie ver\u00f6ffentlichte Texte von mir aus dem aktuellen Jahr 2022. 9. September 2022, Berliner Zeitung Mit Putins Hilfe: Wie der t\u00fcrkische Pr\u00e4sident Erdogan seine Macht sichern will N\u00e4chstes Jahr wird in der T\u00fcrkei gew\u00e4hlt. Der Sieg des amtierenden Pr\u00e4sidenten ist alles andere als sicher. Auch deshalb n\u00e4hert Erdogan sich Russland an. &hellip; <\/p>\n<p class=\"link-more\"><a href=\"https:\/\/franknordhausen.com\/?page_id=380\" class=\"more-link\"><span class=\"screen-reader-text\">\u201eAktuelle Ver\u00f6ffentlichungen 2022\u201c<\/span> weiterlesen<\/a><\/p>\n","protected":false},"author":1,"featured_media":0,"parent":0,"menu_order":0,"comment_status":"closed","ping_status":"closed","template":"","meta":{"footnotes":""},"class_list":["post-380","page","type-page","status-publish","hentry"],"_links":{"self":[{"href":"https:\/\/franknordhausen.com\/index.php?rest_route=\/wp\/v2\/pages\/380","targetHints":{"allow":["GET"]}}],"collection":[{"href":"https:\/\/franknordhausen.com\/index.php?rest_route=\/wp\/v2\/pages"}],"about":[{"href":"https:\/\/franknordhausen.com\/index.php?rest_route=\/wp\/v2\/types\/page"}],"author":[{"embeddable":true,"href":"https:\/\/franknordhausen.com\/index.php?rest_route=\/wp\/v2\/users\/1"}],"replies":[{"embeddable":true,"href":"https:\/\/franknordhausen.com\/index.php?rest_route=%2Fwp%2Fv2%2Fcomments&post=380"}],"version-history":[{"count":21,"href":"https:\/\/franknordhausen.com\/index.php?rest_route=\/wp\/v2\/pages\/380\/revisions"}],"predecessor-version":[{"id":440,"href":"https:\/\/franknordhausen.com\/index.php?rest_route=\/wp\/v2\/pages\/380\/revisions\/440"}],"wp:attachment":[{"href":"https:\/\/franknordhausen.com\/index.php?rest_route=%2Fwp%2Fv2%2Fmedia&parent=380"}],"curies":[{"name":"wp","href":"https:\/\/api.w.org\/{rel}","templated":true}]}}