{"id":170,"date":"2020-05-04T18:04:02","date_gmt":"2020-05-04T18:04:02","guid":{"rendered":"http:\/\/franknordhausen.com\/?page_id=170"},"modified":"2022-03-15T22:40:16","modified_gmt":"2022-03-15T22:40:16","slug":"aeltere-veroeffentlichungen","status":"publish","type":"page","link":"https:\/\/franknordhausen.com\/?page_id=170","title":{"rendered":"Ver\u00f6ffentlichungen 2021"},"content":{"rendered":"\n<h2 class=\"wp-block-heading\"><em><mark style=\"background-color:rgba(0, 0, 0, 0)\" class=\"has-inline-color has-black-color\">In dieser Rubrik finden Sie ver\u00f6ffentlichte Texte von mir aus dem Jahr 2021. In diesem Jahr habe ich vor allem an meinem neuen Buch <strong>111 Gr\u00fcnde, die T\u00fcrkei zu lieben<\/strong> gearbeitet <em>(<a href=\"https:\/\/franknordhausen.com\/?page_id=14\" data-type=\"URL\" data-id=\"https:\/\/franknordhausen.com\/?page_id=14\">siehe Rubrik &#8222;B\u00fccher&#8220;<\/a>)<\/em><\/mark><\/em> <em><mark style=\"background-color:rgba(0, 0, 0, 0)\" class=\"has-inline-color has-black-color\">und nur wenige andere Artikel publiziert.<\/mark><\/em><\/h2>\n\n\n\n<p><\/p>\n\n\n\n<h2 class=\"wp-block-heading\"> <strong><span class=\"has-inline-color has-luminous-vivid-orange-color\">25. Dezember 2021, <em>NZZ am Sonntag<\/em><\/span><\/strong><\/h2>\n\n\n\n<p><strong>Wie zwei Kameruner im Niemandsland einer Mittelmeerinsel vom Papst gerettet wurden<\/strong><\/p>\n\n\n\n<p>Monatelang sassen zwei kamerunische Migranten fest, in der Pufferzone zwischen dem t\u00fcrkisch besetzten und dem griechischen Zypern. Doch dann geschah f\u00fcr sie ein Wunder.<\/p>\n\n\n\n<p>Sie liegen dem Papst besonders am Herzen, die beiden jungen Leute aus dem westafrikanischen Kamerun, die er am 25. Dezember zur feierlichen Weihnachtsmesse im Petersdom eingeladen hat. <a href=\"https:\/\/magazin.nzz.ch\/international\/wie-zwei-kameruner-in-zypern-vom-papst-gerettet-wurden-ld.1662016\">Vor einer Woche standen sie dem Oberhaupt der katholischen Kirche bereits im Vatikan gegen\u00fcber \u2013 es war der Endpunkt einer Odyssee.<\/a><\/p>\n\n\n\n<h2 class=\"wp-block-heading\"><strong><span class=\"has-inline-color has-luminous-vivid-orange-color\">25. Oktober 2021, <em>Weser-Kurier<\/em><\/span><\/strong><\/h2>\n\n\n\n<h4 class=\"wp-block-heading\">Kommentar zum t\u00fcrkischen Pr\u00e4sidenten: Erdogan will von der Misere ablenken<\/h4>\n\n\n\n<p>Der t\u00fcrkische Pr\u00e4sident Erdogan k\u00e4mpft um sein politisches \u00dcberleben und braucht einen Befreiungsschlag,<a href=\"https:\/\/www.weser-kurier.de\/politik\/ausland\/tuerkei-erdogan-will-mit-dem-eklat-von-der-misere-ablenken-doc7i4g5l3244i1j2natf4g\" data-type=\"URL\" data-id=\"https:\/\/www.weser-kurier.de\/politik\/ausland\/tuerkei-erdogan-will-mit-dem-eklat-von-der-misere-ablenken-doc7i4g5l3244i1j2natf4g\"> um von der Misere abzulenken und sich als starker Mann zu inszenieren, meint Frank Nordhausen<\/a>. <em>(Paywall; Sie finden den Text hier auf der <a href=\"https:\/\/franknordhausen.com\/?page_id=118\" data-type=\"URL\" data-id=\"https:\/\/franknordhausen.com\/?page_id=118\">Webseite unter der Rubrik &#8222;Texte&#8220;<\/a><\/em>)<\/p>\n\n\n\n<figure class=\"wp-block-image size-large\"><img loading=\"lazy\" decoding=\"async\" width=\"789\" height=\"855\" src=\"https:\/\/franknordhausen.com\/wp-content\/uploads\/2021\/11\/FN-Screenshot-Weser-Kurier-2021-10-25.jpg\" alt=\"\" class=\"wp-image-365\" srcset=\"https:\/\/franknordhausen.com\/wp-content\/uploads\/2021\/11\/FN-Screenshot-Weser-Kurier-2021-10-25.jpg 789w, https:\/\/franknordhausen.com\/wp-content\/uploads\/2021\/11\/FN-Screenshot-Weser-Kurier-2021-10-25-277x300.jpg 277w, https:\/\/franknordhausen.com\/wp-content\/uploads\/2021\/11\/FN-Screenshot-Weser-Kurier-2021-10-25-768x832.jpg 768w\" sizes=\"auto, (max-width: 767px) 89vw, (max-width: 1000px) 54vw, (max-width: 1071px) 543px, 580px\" \/><\/figure>\n\n\n\n<h2 class=\"wp-block-heading\"><mark style=\"background-color:rgba(0, 0, 0, 0)\" class=\"has-inline-color has-luminous-vivid-orange-color\"><strong>21. Oktober 2021, <em>Berliner Zeitung<\/em><\/strong><\/mark><\/h2>\n\n\n\n<p><strong><span class=\"has-inline-color has-black-color\">Raubkunst: \u201eMan hat sich Tricks \u00fcberlegt, um Funde nach Deutschland zu schaffen\u201c<\/span><\/strong><\/p>\n\n\n\n<p>Gibt es Raubkunst auch auf der Museumsinsel? Zwei Autoren schildern, wie unverbl\u00fcmt deutsche Forscher im Orient auf Beutezug gingen. &#8211; Die Er\u00f6ffnung des Berliner Humboldt-Forums wurde begleitet von der Debatte \u00fcber geraubte Kunstwerke aus kolonialen Kontexten. Jetzt haben der langj\u00e4hrige taz-T\u00fcrkei-Korrespondent J\u00fcrgen Gottschlich und seine Frau Dilek Zaptcioglu-Gottschlich ein Buch vorgelegt, das den Blick auch auf die benachbarte Museumsinsel richtet. F\u00fcr das deutsche Kaiserreich galten der Pergamonaltar und die ber\u00fchmte B\u00fcste der Nofretete als nationale Troph\u00e4en. Aber wie gelangten sie in deutschen Besitz? <a href=\"https:\/\/www.berliner-zeitung.de\/open-source\/raubkunst-man-hat-sich-tricks-ueberlegt-um-funde-nach-deutschland-zu-schaffen-li.189480\" data-type=\"URL\" data-id=\"https:\/\/www.berliner-zeitung.de\/open-source\/raubkunst-man-hat-sich-tricks-ueberlegt-um-funde-nach-deutschland-zu-schaffen-li.189480\">J\u00fcrgen Gottschlich und Dilek Zaptcioglu-Gottschlich haben neue Einzelheiten zutage gef\u00f6rdert.<\/a><\/p>\n\n\n\n<p><\/p>\n\n\n\n<h2 class=\"wp-block-heading\"><mark style=\"background-color:rgba(0, 0, 0, 0)\" class=\"has-inline-color has-luminous-vivid-orange-color\"><strong>19. Oktober 2021, <em>Frankfurter Rundschau<\/em><\/strong><\/mark><\/h2>\n\n\n\n<h4 class=\"wp-block-heading\">Interview: \u201eDer Erwerb osmanischer Antiken war unredlich\u201c<\/h4>\n\n\n\n<p>J\u00fcrgen Gottschlich<strong> <\/strong>ist seit mehr als 20 Jahren T\u00fcrkei-Korrespondent der \u201etaz\u201c. Er und seine Frau Dilek Zaptcioglu-Gottschlich haben nun ein Buch vorgelegt, das die Debatte \u00fcber geraubte Kunstwerke aus den deutschen Kolonien, die die Er\u00f6ffnung des Berliner Humboldt-Forums \u00fcberschattet, erweitert, indem es den Blick auch auf die benachbarte Museumsinsel richtet. Ich habe mit J\u00fcrgen Gottschlich \u00fcber Beutekunst auf der Berliner Museumsinsel, dubiose Beschaffungsmethoden deutscher Arch\u00e4ologen und Museumsleute sowie die <a href=\"https:\/\/www.fr.de\/kultur\/kunst\/der-erwerb-osmanischerantiken-war-unredlich-91062213.html\">Anspr\u00fcche der T\u00fcrkei auf den Pergamonaltar gesprochen<\/a>.<\/p>\n\n\n\n<p><\/p>\n\n\n\n<h2 class=\"wp-block-heading\"><mark style=\"background-color:rgba(0, 0, 0, 0)\" class=\"has-inline-color has-luminous-vivid-orange-color\"><strong>7. Januar 2021, <em>Frankfurter Rundschau<\/em><\/strong><\/mark><\/h2>\n\n\n\n<h4 class=\"wp-block-heading\">Zweigeteiltes Zypern: Varosha &#8211; Modellstadt der Wiedervereinigung?<\/h4>\n\n\n\n<p><em>Varosha war einst Zyperns reichste Stadt. Im Zuge der gewaltsamen Teilung der Insel wurde Varosha dem Verfall preisgegeben.<\/em><\/p>\n\n\n\n<p>Am Zugang zur Geisterstadt im Niemandsland der geteilten Mittelmeerinsel Zypern stehen Absperrgitter, ein Container, Polizeiwagen. Drei uniformierte Zypernt\u00fcrken lassen sich die Ausweise der Besucher zeigen und winken sie dann freundlich durch. Nach f\u00fcnfzig Metern kommt ein Kiosk, dahinter parken 300 nagelneue Fahrr\u00e4der. Die T\u00fcrkei hat sie gespendet, f\u00fcr umgerechnet einen Euro kann man eines mieten und dann auf dem glatten neuen Asphalt \u00fcber die Boulevards gleiten, durch die verlassene Zone. <a href=\"https:\/\/www.fr.de\/panorama\/zypern-varosha-tuerkei-griechenland-erdogan-aufbruch-im-niemandsland-90160610.html\" data-type=\"URL\" data-id=\"https:\/\/www.fr.de\/panorama\/zypern-varosha-tuerkei-griechenland-erdogan-aufbruch-im-niemandsland-90160610.html\">Als w\u00e4re dies eine Touristenattraktion.<\/a><\/p>\n\n\n\n<p><\/p>\n\n\n\n<h2 class=\"wp-block-heading\"><strong><span class=\"has-inline-color has-luminous-vivid-orange-color\">1. Januar 2021, <em>Weser-Kurier<\/em><\/span><\/strong><\/h2>\n\n\n\n<h4 class=\"wp-block-heading\">Varosha auf Zypern: Die Geisterstadt<\/h4>\n\n\n\n<p>Varosha ist seit dem Zypern-Krieg von 1974 eine Geisterstadt: Damals besetzte die t\u00fcrkische Armee die Stadt. <a href=\"https:\/\/www.weser-kurier.de\/politik\/varosha-eine-geisterstadt-auf-zypern-doc7es7rfyujns18esschz1\" data-type=\"URL\" data-id=\"https:\/\/www.weser-kurier.de\/politik\/varosha-eine-geisterstadt-auf-zypern-doc7es7rfyujns18esschz1\">Die griechisch-zyprischen Bewohner und Hotel-Besitzer fl\u00fcchteten. Von Frank Nordhausen<\/a><\/p>\n","protected":false},"excerpt":{"rendered":"<p>In dieser Rubrik finden Sie ver\u00f6ffentlichte Texte von mir aus dem Jahr 2021. In diesem Jahr habe ich vor allem an meinem neuen Buch 111 Gr\u00fcnde, die T\u00fcrkei zu lieben gearbeitet (siehe Rubrik &#8222;B\u00fccher&#8220;) und nur wenige andere Artikel publiziert. 25. Dezember 2021, NZZ am Sonntag Wie zwei Kameruner im Niemandsland einer Mittelmeerinsel vom Papst &hellip; <\/p>\n<p class=\"link-more\"><a href=\"https:\/\/franknordhausen.com\/?page_id=170\" class=\"more-link\"><span class=\"screen-reader-text\">\u201eVer\u00f6ffentlichungen 2021\u201c<\/span> weiterlesen<\/a><\/p>\n","protected":false},"author":1,"featured_media":0,"parent":0,"menu_order":0,"comment_status":"closed","ping_status":"closed","template":"","meta":{"footnotes":""},"class_list":["post-170","page","type-page","status-publish","hentry"],"_links":{"self":[{"href":"https:\/\/franknordhausen.com\/index.php?rest_route=\/wp\/v2\/pages\/170","targetHints":{"allow":["GET"]}}],"collection":[{"href":"https:\/\/franknordhausen.com\/index.php?rest_route=\/wp\/v2\/pages"}],"about":[{"href":"https:\/\/franknordhausen.com\/index.php?rest_route=\/wp\/v2\/types\/page"}],"author":[{"embeddable":true,"href":"https:\/\/franknordhausen.com\/index.php?rest_route=\/wp\/v2\/users\/1"}],"replies":[{"embeddable":true,"href":"https:\/\/franknordhausen.com\/index.php?rest_route=%2Fwp%2Fv2%2Fcomments&post=170"}],"version-history":[{"count":12,"href":"https:\/\/franknordhausen.com\/index.php?rest_route=\/wp\/v2\/pages\/170\/revisions"}],"predecessor-version":[{"id":395,"href":"https:\/\/franknordhausen.com\/index.php?rest_route=\/wp\/v2\/pages\/170\/revisions\/395"}],"wp:attachment":[{"href":"https:\/\/franknordhausen.com\/index.php?rest_route=%2Fwp%2Fv2%2Fmedia&parent=170"}],"curies":[{"name":"wp","href":"https:\/\/api.w.org\/{rel}","templated":true}]}}