{"id":166,"date":"2020-05-04T18:01:41","date_gmt":"2020-05-04T18:01:41","guid":{"rendered":"http:\/\/franknordhausen.com\/?page_id=166"},"modified":"2020-08-10T20:06:31","modified_gmt":"2020-08-10T20:06:31","slug":"veroeffentlichungen-januar-maerz-2020","status":"publish","type":"page","link":"https:\/\/franknordhausen.com\/?page_id=166","title":{"rendered":"Ver\u00f6ffentlichungen Januar-Juni 2020"},"content":{"rendered":"\n<h4 class=\"has-luminous-vivid-orange-color has-text-color wp-block-heading\"><\/h4>\n\n\n\n<h4 class=\"has-luminous-vivid-orange-color has-text-color wp-block-heading\">25. Juni 2020, <em>Gegenblende Debattenmagazin<\/em><\/h4>\n\n\n\n<p><strong>Erdogans scheinheiliger Anti-Rassismus<\/strong><\/p>\n\n\n\n<p>Offiziell kennt die T\u00fcrkei keinen Rassismus. Wer aber auf dem Recht auf eine eigene kulturelle Identit\u00e4t beharrt, der sitzt oft jahrelang im Gef\u00e4ngnis. Pr\u00e4sident Erdogan kritisiert gern die USA als rassistisch, <a href=\"https:\/\/gegenblende.dgb.de\/artikel\/++co++06b430d4-b6ca-11ea-a29c-52540088cada\">doch seine Politik gegen\u00fcber Kurden, Armeniern, Aleviten oder Nicht-Muslimen ist nichts anderes als staatlicher Rassismus<\/a>.<\/p>\n\n\n\n<p><\/p>\n\n\n\n<h4 class=\"has-luminous-vivid-orange-color has-text-color wp-block-heading\">25. Juni 2020, <em>Frankfurter Rundschau<\/em><\/h4>\n\n\n\n<p><strong>T\u00fcrkei:&nbsp;Jeden Tag Angst vorm Ehemann &#8211; Zahl der Femizide steigt drastisch<\/strong><\/p>\n\n\n\n<p>Ein Ehemann schie\u00dft seine Frau in Istanbul nieder und l\u00e4sst sie im Blut liegen. Das Opfer \u00fcberlebt \u2013 und fordert nun von der t\u00fcrkischen Regierung endlich Schutz f\u00fcr alle Frauen. &#8211; Ragip hat mich erschossen. Seid nicht traurig. Ich bin jetzt frei \u201c, schrieb Nurtac Canan mit ihrem Blut auf den Laminatboden, auf dem sie schwer verletzt lag. <a href=\"https:\/\/www.fr.de\/panorama\/tuerkei-frauen-werden-ermordet-weil-nein-sagen-13809872.html\">Der Fall der 46-J\u00e4hrigen aus dem Istanbuler Stadtviertel Zeytinburnu ersch\u00fcttert die <strong>T\u00fcrkei<\/strong>.<\/a><\/p>\n\n\n\n<p><\/p>\n\n\n\n<h4 class=\"has-luminous-vivid-orange-color has-text-color wp-block-heading\">10. Juni 2020, <em>Weser-Kurier<\/em><\/h4>\n\n\n\n<p><strong>Kommentar \u00fcber die T\u00fcrkei &#8211; Eskalation einer Kriminalisierungsstrategie<\/strong><\/p>\n\n\n\n<p>Der t\u00fcrkische Pr\u00e4sident Recep Tayyip Erdogan l\u00e4sst drei Oppositionsabgeordnete festnehmen und ihnen das Mandat entziehen. <a href=\"https:\/\/www.weser-kurier.de\/deutschland-welt\/deutschland-welt-politik_artikel,-eskalation-einer-kriminalisierungsstrategie-_arid,1917556.html\">Dies ist die Eskalation einer Kriminalisierungsstrategie, meint Frank Nordhausen.<\/a> (&#8230;)<\/p>\n\n\n\n<p><\/p>\n\n\n\n<h4 class=\"has-luminous-vivid-orange-color has-text-color wp-block-heading\">4. Juni 2020, <em>Berliner Zeitung<\/em><\/h4>\n\n\n\n<p><strong>Erdogan hat in Umfragen keine Mehrheit mehr<\/strong><\/p>\n\n\n\n<p>Die regierende islamische AKP und der rechtsextreme B\u00fcndnispartner MHP haben in der Corona-Krise massiv Stimmen verloren. Das Corona-Virus und die wirtschaftlichen Folgen hinterlassen in der <a href=\"https:\/\/www.berliner-zeitung.de\/politik-gesellschaft\/erdogan-hat-in-umfragen-keine-mehrheit-mehr-li.85666\">T\u00fcrkei dramatische politische Spuren<\/a>. (&#8230;)<\/p>\n\n\n\n<p><\/p>\n\n\n\n<h4 class=\"has-luminous-vivid-orange-color has-text-color wp-block-heading\">4. Juni 2020, <em>Frankfurter Rundscha<\/em>u<\/h4>\n\n\n\n<p><strong>Corona in der T\u00fcrkei &#8211; Erdogan im Umfragentief<\/strong><\/p>\n\n\n\n<p>Corona und die anhaltende Rezession in der T\u00fcrkei bescheren der Opposition einen Aufschwung. <a href=\"https:\/\/www.fr.de\/politik\/corona-tuerkei-erdogan-verliert-umfragen-13786249.html\">Zurzeit w\u00fcrde Erdogan an der Wahlurne an Macht verlieren.<\/a> (&#8230;)<\/p>\n\n\n\n<p><\/p>\n\n\n\n<h4 class=\"has-luminous-vivid-orange-color has-text-color wp-block-heading\">28. Mai 2020, <em>Frankfurter Rundscha<\/em>u<\/h4>\n\n\n\n<p><strong>T\u00fcrkei: Wird aus dem Museum wieder eine Moschee?<\/strong><\/p>\n\n\n\n<p>Erdogan plant angeblich, die Hagia Sophia in Istanbul in ein Gebetshaus zur\u00fcckzuverwandeln. &#8211; Sie \u00fcberragt die historische Halbinsel Istanbuls, ist die meistbesuchte Touristenattraktion der T\u00fcrkei und mit Symbolik aufgeladen: die Hagia Sophia \u2013 auf Griechisch \u201eHeilige Weisheit\u201c. Die gewaltige Basilika wurde 537 zu byzantinischen Zeiten als Kirche errichtet, bei der Eroberung durch die Osmanen 1453 in eine Moschee umgewandelt und schlie\u00dflich vom Gr\u00fcndervater der modernen t\u00fcrkischen Republik, Mustafa Kemal Atat\u00fcrk, 1934 zum Museum erkl\u00e4rt. <a href=\"https:\/\/www.fr.de\/politik\/wird-museum-wieder-eine-moschee-13778679.html\">Islamische Fundamentalisten fordern jedoch seit jeher ihre R\u00fcckverwandlung in eine Moschee, denn sie betrachten sie als steinernes Symbol des Siegs \u00fcber die Christen.<\/a> (&#8230;)<\/p>\n\n\n\n<p><\/p>\n\n\n\n<h4 class=\"has-luminous-vivid-orange-color has-text-color wp-block-heading\">24. Mai 2020, <em>Berliner Zeitung<\/em><\/h4>\n\n\n\n<p><strong>Reisen in Coronazeiten : Spanien und die T\u00fcrkei wollen bald wieder Urlauber willkommenhei\u00dfen<\/strong><\/p>\n\n\n\n<p>In mehreren Reisel\u00e4ndern sind Grenz\u00f6ffnungen geplant \u2013 aber mit Vorkehrungen: Madrid will \u201esichere Korridore\u201c einrichten, <a href=\"https:\/\/www.berliner-zeitung.de\/wirtschaft-verantwortung\/spanien-und-die-tuerkei-wollen-bald-wieder-urlauber-willkommenheissen-li.84312\">Ankara plant \u201egesunden Tourismus\u201c<\/a>. (&#8230;)<\/p>\n\n\n\n<p><\/p>\n\n\n\n<h4 class=\"has-luminous-vivid-orange-color has-text-color wp-block-heading\">22. Mai 2020, <em>Frankfurter Rundscha<\/em>u<\/h4>\n\n\n\n<p><strong>T\u00fcrkei: Erdogans Schuss vor den Bug<\/strong><\/p>\n\n\n\n<p>Der t\u00fcrkische Staatschef lobt seinen ultranationalistischen und anti-westlichen Chefstrategen f\u00fcr den Mittelmeerraum \u2013 und dr\u00e4ngt ihn dann aus dem Amt. Der t\u00fcrkische Konteradmiral Cihat Yayci gilt als Architekt des Abkommens seines Landes mit Libyen, durch das der s\u00fcd\u00f6stliche Teil des Mittelmeers zwischen den beiden L\u00e4ndern aufgeteilt wurde \u2013 ohne auf die Anrainer \u00c4gypten, Griechenland und Zypern zu achten. Man kann Yayci also durchaus als treuen Gefolgsmann des nach regionaler Dominanz strebenden Staatschef Recep Tayyip Erdogan sehen. <a href=\"https:\/\/www.fr.de\/politik\/erdogans-schuss-13773004.html\">Der aber hat Yayci nun pl\u00f6tzlich degradiert.<\/a> (&#8230;)<\/p>\n\n\n\n<p><\/p>\n\n\n\n<h4 class=\"has-luminous-vivid-orange-color has-text-color wp-block-heading\">18. Mai 2020, <em>Frankfurter Rundscha<\/em>u<\/h4>\n\n\n\n<p><strong>Juden und Christen in der T\u00fcrkei: In Corona-Zeiten als S\u00fcndenb\u00f6cke missbraucht<\/strong><\/p>\n\n\n\n<p>Mit einem dramatischen Appell haben nichtmuslimische Gemeinschaften in der <strong>T\u00fcrkei<\/strong> vor \u201erassistischen \u00dcbergriffen\u201c auf ihre Mitglieder gewarnt und die Regierung unter Staatschef Recep Tayyip <strong>Erdogan<\/strong> um Schutz gebeten. (&#8230;) Anlass der gemeinsamen Erkl\u00e4rung war eine <a href=\"https:\/\/www.fr.de\/politik\/hetze-gegen-minderheiten-13766238.html\">Hetzkampagne der regierungsnahen Zeitschrift Gercek Hayat (Echtes Leben)<\/a> gegen die religi\u00f6sen Minderheiten. (&#8230;)<\/p>\n\n\n\n<p><\/p>\n\n\n\n<h4 class=\"has-luminous-vivid-orange-color has-text-color wp-block-heading\">18. Mai 2020, <em>Berliner Zeitung<\/em><\/h4>\n\n\n\n<figure class=\"wp-block-image size-large\"><img loading=\"lazy\" decoding=\"async\" width=\"419\" height=\"575\" src=\"http:\/\/franknordhausen.com\/wp-content\/uploads\/2020\/05\/FN-Screenshot-BLZ-2020-05-18.jpg\" alt=\"\" class=\"wp-image-206\" srcset=\"https:\/\/franknordhausen.com\/wp-content\/uploads\/2020\/05\/FN-Screenshot-BLZ-2020-05-18.jpg 419w, https:\/\/franknordhausen.com\/wp-content\/uploads\/2020\/05\/FN-Screenshot-BLZ-2020-05-18-219x300.jpg 219w\" sizes=\"auto, (max-width: 419px) 100vw, 419px\" \/><figcaption>Die Berliner Zeitung hat diesen Text nicht online gestellt..<\/figcaption><\/figure>\n\n\n\n<p><\/p>\n\n\n\n<h4 class=\"has-luminous-vivid-orange-color has-text-color wp-block-heading\">14. Mai 2020, <em>Frankfurter Rundscha<\/em>u<\/h4>\n\n\n\n<p><strong>T\u00fcrkische Lira: Kollaps nicht ausgeschlossen<\/strong><\/p>\n\n\n\n<p>Die t\u00fcrkische W\u00e4hrung st\u00fcrzt weiter brutal ab. \u00d6konomen sprechen schon vom \u201eperfekten Sturm\u201c. &#8211; Wenn in der T\u00fcrkei von Terrorismus die Rede ist, ist die Lage ernst. \u201eFinanzterrorismus auf frischer Tat ertappt\u201c, titelte die regierungsnahe t\u00fcrkische Zeitung Yeni Safak am Wochenende. <a href=\"https:\/\/www.fr.de\/wirtschaft\/kollaps-nicht-ausgeschlossen-13763179.html\">Ausl\u00e4ndische Spekulanten wollten die Landesw\u00e4hrung Lira in den Abgrund treiben, schrieb das<\/a> Blatt.  (&#8230;)<\/p>\n\n\n\n<p><\/p>\n\n\n\n<h4 class=\"has-luminous-vivid-orange-color has-text-color wp-block-heading\">13. Mai 2020, <em>Frankfurter Rundschau<\/em><\/h4>\n\n\n\n<p><strong>T\u00fcrkei: Erdogans Justiz ignoriert EU-Intervention: Osman Kavala bleibt in Haft<\/strong><\/p>\n\n\n\n<p>Die T\u00fcrkei beh\u00e4lt trotz Urteil des EU-Gerichtshofes f\u00fcr Menschenrechte den t\u00fcrkischen M\u00e4zen Osman Kavala unter fadenscheinigen Anschuldigungen hinter Gittern. &#8211; Die t\u00fcrkische Regierung ist im Begriff, in einen ernsten Konflikt mit dem Europ\u00e4ischen Gerichtshof f\u00fcr Menschenrechte (EGMR) zu geraten. <a href=\"https:\/\/www.fr.de\/politik\/tuerkei-erdogan-ignoriert-eu-gericht-osman-kavala-bleibt-haft-13761914.html\">Am 12. Mai hatte das Stra\u00dfburger Gericht den Einspruch Ankaras im Verfahren um den prominenten Kulturm\u00e4zen Osman Kavala zur\u00fcckgewiesen.<\/a> (&#8230;)<\/p>\n\n\n\n<p><\/p>\n\n\n\n<h4 class=\"has-luminous-vivid-orange-color has-text-color wp-block-heading\">7. Mai 2020, <em>Frankfurter Rundschau<\/em><\/h4>\n\n\n\n<p>T\u00fcrkei: Was f\u00fcr ein Autokrat: Netflix-Serie in der T\u00fcrkei zensiert<\/p>\n\n\n\n<p>Eine durchaus an Staatspr\u00e4sident Erdogan erinnernde Figur in der Netflix-Serie \u201eDesignated Survivor\u201c f\u00fchrt zur Streichung der entsprechenden Folge in der T\u00fcrkei. &#8211; Der t\u00fcrkische Pr\u00e4sident Recep Tayyip Erdogan ist daf\u00fcr bekannt, dass er Kritik an seiner Person gar nicht vertragen kann. Tausende Nutzer sozialer Medien wurden wegen Beleidigung des Pr\u00e4sidenten verklagt, Hunderte deshalb eingesperrt. <a href=\"https:\/\/www.fr.de\/kultur\/tv-kino\/autokrat-netflix-serie-tuerkei-zensiert-13754059.html\">Zensur ist normal in einem Land, das weltweit die meisten Journalisten inhaftiert hat.<\/a> (&#8230;)<\/p>\n\n\n\n<p><\/p>\n\n\n\n<h4 class=\"has-luminous-vivid-orange-color has-text-color wp-block-heading\">5. Mai 2020, <em>Frankfurter Rundschau<\/em><\/h4>\n\n\n\n<p><strong>\u00d6stliches Mittelmeer: Die n\u00e4chste Krise<\/strong><\/p>\n\n\n\n<p>Leere Str\u00e4nde, geschlossene Hotels, unz\u00e4hlige Stornierungen \u2013 im \u00f6stlichen Mittelmeerraum ist der Tourismus wegen der Corona-Krise zum Erliegen gekommen. Dabei ist der Fremdenverkehr f\u00fcr Griechenland, die T\u00fcrkei und Zypern ein lebenswichtiger Wirtschaftszweig. <a href=\"https:\/\/www.fr.de\/politik\/naechste-krise-13749572.html\">Milliardenverluste und verheerende Pleitewellen drohen.<\/a> (&#8230;)<\/p>\n\n\n\n<p><\/p>\n\n\n\n<h4 class=\"has-luminous-vivid-orange-color has-text-color wp-block-heading\">5. Mai 2020, <em>Berliner Zeitung<\/em><\/h4>\n\n\n\n<p><strong>Tourismus-Pleite : Mittelmeerl\u00e4nder leiden unter ausbleibenden Urlaubern<\/strong><\/p>\n\n\n\n<p>Durch die Corona-Beschr\u00e4nkungen drohen Griechenland, der T\u00fcrkei und Zypern Milliardenverluste. <a href=\"https:\/\/www.berliner-zeitung.de\/wirtschaft-verantwortung\/mittelmeer-laender-tuerkei-griechenland-zypern-leiden-unter-ausbleibenden-urlaubern-li.82747\">Eine gef\u00e4hrliche Entwicklung f\u00fcr die Volkswirtschaften.<\/a> (&#8230;)<\/p>\n\n\n\n<p><\/p>\n\n\n\n<h4 class=\"has-luminous-vivid-orange-color has-text-color wp-block-heading\">2. Mai 2020, <em>Frankfurter Rundschau<\/em><\/h4>\n\n\n\n<p><strong>T\u00fcrkei: Die letzte Waffe<\/strong><\/p>\n\n\n\n<p>T\u00fcrkische Linke hungern sich zu Tode. Der M\u00e4rtyrerkult funktioniert auf Seiten der Regierung wie der Opposition. Nach 297 Tagen im Hungerstreik starb Ende vergangener Woche der politische H\u00e4ftling Mustafa Kocak in einem t\u00fcrkischen Hochsicherheitsgef\u00e4ngnis. <a href=\"https:\/\/www.fr.de\/politik\/letzte-waffe-13746780.html\">Der 28-J\u00e4hrige hatte ein faires, neues Gerichtsverfahren f\u00fcr sich gefordert.<\/a> (&#8230;)<\/p>\n\n\n\n<p><\/p>\n\n\n\n<h4 class=\"has-luminous-vivid-orange-color has-text-color wp-block-heading\">29. April 2020, <em>Debattenmagazin<\/em> <em>Gegenblende<\/em><\/h4>\n\n\n\n<p><strong>Corona-Krise und Machtkampf in der T\u00fcrkei<\/strong><\/p>\n\n\n\n<p>Es scheint vern\u00fcnftig: Pr\u00e4sident Erdogan entl\u00e4sst H\u00e4ftlinge, damit sich in den \u00fcberf\u00fcllten Gef\u00e4ngnissen, nicht das Coronavirus ausbreitet. Doch statt politischer Gefangener wie Journalisten, Gewerkschafter oder Kurden <a href=\"https:\/\/gegenblende.dgb.de\/artikel\/++co++ccbd121a-892e-11ea-99c0-52540088cada\">entl\u00e4sst er Mafia-Gangster, die der faschistischen MHP und dem Pr\u00e4sidenten nahestehen<\/a>. (&#8230;)<\/p>\n\n\n\n<p><\/p>\n\n\n\n<h4 class=\"has-luminous-vivid-orange-color has-text-color wp-block-heading\">24. April 2020, <em>Berliner Zeitung<\/em><\/h4>\n\n\n\n<figure class=\"wp-block-image size-large\"><img loading=\"lazy\" decoding=\"async\" width=\"786\" height=\"225\" src=\"http:\/\/franknordhausen.com\/wp-content\/uploads\/2020\/04\/FN-Screenshot-BLZ-2020-04-24.jpg\" alt=\"\" class=\"wp-image-64\" srcset=\"https:\/\/franknordhausen.com\/wp-content\/uploads\/2020\/04\/FN-Screenshot-BLZ-2020-04-24.jpg 786w, https:\/\/franknordhausen.com\/wp-content\/uploads\/2020\/04\/FN-Screenshot-BLZ-2020-04-24-300x86.jpg 300w, https:\/\/franknordhausen.com\/wp-content\/uploads\/2020\/04\/FN-Screenshot-BLZ-2020-04-24-768x220.jpg 768w\" sizes=\"auto, (max-width: 767px) 89vw, (max-width: 1000px) 54vw, (max-width: 1071px) 543px, 580px\" \/><figcaption>Die Berliner Zeitung hat diesen Text nicht online gestellt..<\/figcaption><\/figure>\n\n\n\n<p><\/p>\n\n\n\n<h4 class=\"has-luminous-vivid-orange-color has-text-color wp-block-heading\">24. April 2020, <em>K\u00f6lner Stadt-Anzeiger<\/em><\/h4>\n\n\n\n<figure class=\"wp-block-image size-large\"><img loading=\"lazy\" decoding=\"async\" width=\"760\" height=\"235\" src=\"http:\/\/franknordhausen.com\/wp-content\/uploads\/2020\/04\/FN-Screenshot-KStA-2020-04-24.jpg\" alt=\"\" class=\"wp-image-68\" srcset=\"https:\/\/franknordhausen.com\/wp-content\/uploads\/2020\/04\/FN-Screenshot-KStA-2020-04-24.jpg 760w, https:\/\/franknordhausen.com\/wp-content\/uploads\/2020\/04\/FN-Screenshot-KStA-2020-04-24-300x93.jpg 300w\" sizes=\"auto, (max-width: 706px) 89vw, (max-width: 767px) 82vw, 740px\" \/><\/figure>\n\n\n\n<p class=\"has-small-font-size\"><em>Der K\u00f6lner Stadt-Anzeiger hat diesen Text nicht online gestellt.<\/em><\/p>\n\n\n\n<p><\/p>\n\n\n\n<h4 class=\"has-luminous-vivid-orange-color has-text-color wp-block-heading\"><em>17. April 2020, Frankfurter Rundschau<\/em><\/h4>\n\n\n\n<p><strong>Zypern: Zw\u00f6lf gegen eine<\/strong><\/p>\n\n\n\n<p>2019 gab eine Britin an, auf Zypern von Israelis vergewaltigt worden zu sein. Die Richter glaubten ihr nicht. <a href=\"https:\/\/www.fr.de\/panorama\/zwoelf-gegen-eine-13656156.html\">Eine Dokumentation beleuchtet die Hintergr\u00fcnde<\/a>.  (&#8230;)<\/p>\n\n\n\n<p><\/p>\n\n\n\n<h4 class=\"has-luminous-vivid-orange-color has-text-color wp-block-heading\"><em>13. April 2020, Frankfurter Rundschau<\/em><\/h4>\n\n\n\n<p><strong>T\u00fcrkei: Erdogan stiftet Chaos mitten in der Corona-Krise<\/strong><\/p>\n\n\n\n<p>Eine hastig verh\u00e4ngte Ausgangssperre wegen Corona stellt die Regierung Erdogans blo\u00df. <a href=\"https:\/\/www.fr.de\/politik\/corona-tuerkei-praesident-erdogan-stiftet-chaos-mitten-krise-13649394.html\">Die Regierung Ankaras handelt sprunghaft und widerspr\u00fcchlich.<\/a> (&#8230;) <\/p>\n\n\n\n<p><\/p>\n\n\n\n<h4 class=\"has-luminous-vivid-orange-color has-text-color wp-block-heading\"><em>10. April 2020, Frankfurter Rundschau<\/em><\/h4>\n\n\n\n<p><strong>T\u00fcrkei: Erdogan greift hart durch<\/strong><\/p>\n\n\n\n<p>Alle reden vom Coronavirus \u2013 das nutzt der t\u00fcrkische Pr\u00e4sident, um massiv gegen Regierungskritiker vorzugehen, i<a href=\"https:\/\/www.fr.de\/politik\/erdogan-greift-hart-durch-13648038.html\">nsbesondere gegen die kurdische Opposition<\/a>.&nbsp; (&#8230;) <\/p>\n\n\n\n<p><\/p>\n\n\n\n<h4 class=\"has-luminous-vivid-orange-color has-text-color wp-block-heading\"><em>3. April 2020, Frankfurter Rundschau<\/em><\/h4>\n\n\n\n<p><strong>T\u00fcrkei: Corona-Krise: Erdogan ruft zu Spenden auf \u2013 und erntet damit Emp\u00f6rung<\/strong><\/p>\n\n\n\n<p>Der t\u00fcrkische Pr\u00e4sident Erdogan fordert in der Coronakrise Solidarit\u00e4t mit notleidenden B\u00fcrgern. <a href=\"https:\/\/www.fr.de\/politik\/corona-krise-tuerkei-erdogan-erntet-empoerung-spendenaufruf-13636804.html\">Doch ein staatliches Hilfspaket f\u00fcr die Wirtschaft verweigert er.<\/a> (&#8230;)<\/p>\n\n\n\n<p><\/p>\n\n\n\n<p><em>5. M\u00e4rz 2020, Frankfurter Rundschau<\/em><\/p>\n\n\n\n<p><strong>Zypern: \u201eEine Tendenz zur Militarisierung\u201c<\/strong><\/p>\n\n\n\n<p>Zyperns Au\u00dfenminister Nikos Christodoulidis \u00fcber die Schwierigkeiten, auf der geteilten Insel und auch in der ganzen Region mit der <a href=\"https:\/\/www.fr.de\/politik\/eine-tendenz-militarisierung-13577628.html\">aggressiv agierenden T\u00fcrkei ein Auskommen zu finden<\/a>. (&#8230;)<\/p>\n\n\n\n<p><\/p>\n\n\n\n<h4 class=\"has-luminous-vivid-orange-color has-text-color wp-block-heading\"><em>19. Februar 2020, Frankfurter Rundschau<\/em><\/h4>\n\n\n\n<p><strong>Fall Kavala: Machtkampf in Ankara<\/strong><\/p>\n\n\n\n<p>Das kafkaeske Vorgehen der t\u00fcrkischen Justiz im Fall Kavala deutet darauf hin, dass Erdogan an Einfluss verliert. <a href=\"https:\/\/www.fr.de\/meinung\/machtkampfin-ankara-13548847.html\">Die Analyse<\/a>. (&#8230;)<\/p>\n\n\n\n<p><\/p>\n\n\n\n<h4 class=\"has-luminous-vivid-orange-color has-text-color wp-block-heading\"><em>18. Februar 2020, Frankfurter Rundschau<\/em><\/h4>\n\n\n\n<p><strong>T\u00fcrkei: Scheinbare Schlappe f\u00fcr Erdogan<\/strong><\/p>\n\n\n\n<p>Die <a href=\"https:\/\/www.fr.de\/politik\/scheinbare-schlappe-erdogan-13546591.html\">Freispr\u00fcche im Gezi-Prozess<\/a> wirken auf Juristen wie reine Willk\u00fcr der auf Regierungskurs gesteuerten Justiz. Das Urteil gegen Peter Steudtner wird f\u00fcr Mittwoch erwartet. (&#8230;)<\/p>\n\n\n\n<p><\/p>\n\n\n\n<h4 class=\"has-luminous-vivid-orange-color has-text-color wp-block-heading\"><em>13. Februar 2020, Frankfurter Rundschau<\/em><\/h4>\n\n\n\n<p><strong>Zypern: Die Furcht vor Ankara<\/strong><\/p>\n\n\n\n<p>Der Pr\u00e4sident des t\u00fcrkischen Nordzypern warnt davor, dass <a href=\"https:\/\/www.fr.de\/politik\/furcht-ankara-13538337.html\">Erdogan den Inselnorden annektieren k\u00f6nnte. Das l\u00f6st w\u00fctende Re<\/a>aktionen aus. (&#8230;)<\/p>\n\n\n\n<p><\/p>\n\n\n\n<h4 class=\"has-luminous-vivid-orange-color has-text-color wp-block-heading\"><em>13. Februar 2020, Frankfurter Rundschau<\/em><\/h4>\n\n\n\n<p><strong>\u00d6stliches Mittelmeer: \u201eIm \u00f6stlichen Mittelmeer braut sich etwas Gef\u00e4hrliches zusammen\u201c<\/strong><\/p>\n\n\n\n<p>Der <a href=\"https:\/\/www.fr.de\/politik\/oestlichen-mittelmeer-braut-sich-etwas-gefaehrliches-zusammen-13530288.html\">Politikexperte Herbert Faustmann<\/a> \u00fcber einen drohenden Krieg zwischen der T\u00fcrkei und Griechenland, die Folgen des Gasstreits und die Schw\u00e4che der EU. (&#8230;)<\/p>\n\n\n\n<p><\/p>\n\n\n\n<h4 class=\"has-luminous-vivid-orange-color has-text-color wp-block-heading\"><em>6. Februar 2020, Frankfurter Rundschau<\/em><\/h4>\n\n\n\n<p><strong>Flugzeugabsturz in Istanbul: \u201eAlles passierte in Sekunden\u201c<\/strong><\/p>\n\n\n\n<p>Die <a href=\"https:\/\/www.fr.de\/panorama\/absturz-istanbul-alles-passierte-sekunden-13526348.html\">Bruchlandung einer Pegasus-Maschine in Istanbul<\/a> wirft ein Schlaglicht auf die Flughafen-Probleme der Metropole. (&#8230;)<\/p>\n\n\n\n<p><\/p>\n\n\n\n<h4 class=\"has-luminous-vivid-orange-color has-text-color wp-block-heading\"><em>2. Februar 2020, Frankfurter Rundschau<\/em><\/h4>\n\n\n\n<p><strong>T\u00fcrkei: Die dubiosen Gesch\u00e4fte des Roten Halbmond<\/strong><\/p>\n\n\n\n<p>Berlin will die t\u00fcrkische Hilfsorganisation mit 25 Millionen Euro unterst\u00fctzen, doch die steckt in einem <a href=\"https:\/\/www.fr.de\/politik\/dubiosen-geschaefte-roten-halbmond-13517285.html\">Spendenskandal<\/a>. (&#8230;)<\/p>\n\n\n\n<p><\/p>\n\n\n\n<h4 class=\"has-luminous-vivid-orange-color has-text-color wp-block-heading\"><em>30. Januar 2020, Frankfurter Rundschau<\/em><\/h4>\n\n\n\n<p><strong>T\u00fcrkei: Ankara will Kinderehen nach Missbrauch legitimieren<\/strong><\/p>\n\n\n\n<p>In der T\u00fcrkei w\u00e4chst der Widerstand gegen ein Regierungsprojekt, das sexuelle \u00dcbergriffe bagatellisiert. <a href=\"https:\/\/www.fr.de\/politik\/ankara-will-kinderehen-nach-missbrauch-legitimieren-13511395.html\">Es ist nicht das erste Mal, dass die Regierung solch ein Vorhaben startet.<\/a> (&#8230;)<\/p>\n\n\n\n<p><\/p>\n\n\n\n<h4 class=\"has-luminous-vivid-orange-color has-text-color wp-block-heading\"><em>29. Januar 2020, Frankfurter Rundschau<\/em><\/h4>\n\n\n\n<p><strong>T\u00fcrkei: T\u00fcrkische Asylbewerber in Gefahr<\/strong><\/p>\n\n\n\n<p>Nach der Festnahme des Kooperationsanwalts Yilmaz S. m\u00fcssen mehr <a href=\"https:\/\/www.fr.de\/politik\/tuerkische-asylbewerber-gefahr-13508471.html\">nach Deutschland gefl\u00fcchtete Menschen um ihre Sicherheit bangen<\/a>, als zun\u00e4chst angenommen. (&#8230;)<\/p>\n\n\n\n<p><\/p>\n\n\n\n<h4 class=\"has-luminous-vivid-orange-color has-text-color wp-block-heading\"><em><em>29. Januar 2020, Frankfurter Rundschau<\/em><\/em><\/h4>\n\n\n\n<p><strong>Erdbeben in der T\u00fcrkei: Schutzlos ausgeliefert<\/strong><\/p>\n\n\n\n<p>Nach einem Erdbeben in der T\u00fcrkei mit Dutzenden Toten m\u00fcssen viele \u00dcberlebende in Zelten oder im Freien schlafen. <a href=\"https:\/\/www.fr.de\/panorama\/schutzlos-ausgeliefert-13500493.html\">Bittere K\u00e4lte, Schnee und Hunderte Nachbeben setzen ihnen zu. (&#8230;)<\/a><\/p>\n\n\n\n<p><\/p>\n\n\n\n<h4 class=\"has-luminous-vivid-orange-color has-text-color wp-block-heading\"><em>24. Januar 2020, Frankfurter Rundschau<\/em><\/h4>\n\n\n\n<p><strong>T\u00fcrkei: Unerwartet freundlich<\/strong><\/p>\n\n\n\n<p>Recep Tayyip Erdogan und Angela Merkel setzen auf Harmonie. Die Bundeskanzlerin deutet an, dass die EU der T\u00fcrkei <a href=\"https:\/\/www.fr.de\/politik\/unerwartet-freundlich-13497888.html\">noch mehr Geld f\u00fcr die Versorgung der Fl\u00fcchtlinge<\/a> bieten k\u00f6nnte. (&#8230;)<\/p>\n\n\n\n<p><\/p>\n\n\n\n<h4 class=\"has-luminous-vivid-orange-color has-text-color wp-block-heading\"><em>13. Januar 2020, Frankfurter Rundschau<\/em><\/h4>\n\n\n\n<p><strong>Libyen-Konflikt: Erdogan kommt nach Berlin<\/strong><\/p>\n\n\n\n<p>Auf die Waffenruhe folgen Verhandlungen zur Zukunft Libyens. Der t\u00fcrkische Pr\u00e4sident schreibt sich die vorsichtigen L\u00f6sungsans\u00e4tze selbst auf die Fahnen. <a href=\"https:\/\/www.fr.de\/politik\/erdogan-kommt-nach-berlinder-waffenruhefolgen-gespraeche-13437795.html\">Libyens Kriegsparteien treffen sich zu Verhandlungen in Moskau.<\/a> (&#8230;)<\/p>\n","protected":false},"excerpt":{"rendered":"<p>25. Juni 2020, Gegenblende Debattenmagazin Erdogans scheinheiliger Anti-Rassismus Offiziell kennt die T\u00fcrkei keinen Rassismus. Wer aber auf dem Recht auf eine eigene kulturelle Identit\u00e4t beharrt, der sitzt oft jahrelang im Gef\u00e4ngnis. Pr\u00e4sident Erdogan kritisiert gern die USA als rassistisch, doch seine Politik gegen\u00fcber Kurden, Armeniern, Aleviten oder Nicht-Muslimen ist nichts anderes als staatlicher Rassismus. 25. &hellip; <\/p>\n<p class=\"link-more\"><a href=\"https:\/\/franknordhausen.com\/?page_id=166\" class=\"more-link\"><span class=\"screen-reader-text\">\u201eVer\u00f6ffentlichungen Januar-Juni 2020\u201c<\/span> weiterlesen<\/a><\/p>\n","protected":false},"author":1,"featured_media":0,"parent":10,"menu_order":0,"comment_status":"closed","ping_status":"closed","template":"","meta":{"footnotes":""},"class_list":["post-166","page","type-page","status-publish","hentry"],"_links":{"self":[{"href":"https:\/\/franknordhausen.com\/index.php?rest_route=\/wp\/v2\/pages\/166","targetHints":{"allow":["GET"]}}],"collection":[{"href":"https:\/\/franknordhausen.com\/index.php?rest_route=\/wp\/v2\/pages"}],"about":[{"href":"https:\/\/franknordhausen.com\/index.php?rest_route=\/wp\/v2\/types\/page"}],"author":[{"embeddable":true,"href":"https:\/\/franknordhausen.com\/index.php?rest_route=\/wp\/v2\/users\/1"}],"replies":[{"embeddable":true,"href":"https:\/\/franknordhausen.com\/index.php?rest_route=%2Fwp%2Fv2%2Fcomments&post=166"}],"version-history":[{"count":7,"href":"https:\/\/franknordhausen.com\/index.php?rest_route=\/wp\/v2\/pages\/166\/revisions"}],"predecessor-version":[{"id":286,"href":"https:\/\/franknordhausen.com\/index.php?rest_route=\/wp\/v2\/pages\/166\/revisions\/286"}],"up":[{"embeddable":true,"href":"https:\/\/franknordhausen.com\/index.php?rest_route=\/wp\/v2\/pages\/10"}],"wp:attachment":[{"href":"https:\/\/franknordhausen.com\/index.php?rest_route=%2Fwp%2Fv2%2Fmedia&parent=166"}],"curies":[{"name":"wp","href":"https:\/\/api.w.org\/{rel}","templated":true}]}}